{"id":38907,"date":"2023-05-15T15:51:36","date_gmt":"2023-05-15T15:51:36","guid":{"rendered":"https:\/\/paradizo.ee\/product\/%d0%b4%d0%b8%d0%b2%d0%b0%d0%bd-chester\/"},"modified":"2023-05-15T15:51:38","modified_gmt":"2023-05-15T15:51:38","slug":"%d0%b4%d0%b8%d0%b2%d0%b0%d0%bd-chester","status":"publish","type":"product","link":"https:\/\/paradizo.ee\/ru\/tovar\/%d0%b4%d0%b8%d0%b2%d0%b0%d0%bd-chester\/","title":{"rendered":"\u0414\u0438\u0432\u0430\u043d Chester"},"content":{"rendered":"","protected":false},"excerpt":{"rendered":"<p>Chester \u00e8 the elegant sofa with the timeless charm of Delta Salotti. The rich work capitonn\u00e8 of the session and the pliss\u00e8 of the armrests evoke Old England atmospheres. The craftsmanship of Delta Salotti has created with this model a high-quality product\u00e0 ;. The soft and pulled skin \u00e8 worked skillfully and d\u00e0 the maximum of its refinement in this sofa with soft lines and finely defined details. Chester \u00e8 the classic sofa par excellence. Comfortable and sophisticated, with a solid structure and charming wooden feet, \u00e8 available in two and three-seater versions; ideal for furnishing a house with a refined and traditional style, as well as a representative office.<\/p>\n","protected":false},"featured_media":38814,"template":"","meta":[],"product_brand":[],"product_cat":[3013,2795,1974,519,597,575],"product_tag":[],"class_list":{"0":"post-38907","1":"product","2":"type-product","3":"status-publish","4":"has-post-thumbnail","6":"product_cat-italian-sofa-ru","7":"product_cat-2795","8":"product_cat-divan","9":"product_cat-kollekcija","10":"product_cat-komnata","11":"product_cat-tovary","13":"first","14":"instock","15":"product-type-simple"},"_links":{"self":[{"href":"https:\/\/paradizo.ee\/ru\/wp-json\/wp\/v2\/product\/38907","targetHints":{"allow":["GET"]}}],"collection":[{"href":"https:\/\/paradizo.ee\/ru\/wp-json\/wp\/v2\/product"}],"about":[{"href":"https:\/\/paradizo.ee\/ru\/wp-json\/wp\/v2\/types\/product"}],"wp:featuredmedia":[{"embeddable":true,"href":"https:\/\/paradizo.ee\/ru\/wp-json\/wp\/v2\/media\/38814"}],"wp:attachment":[{"href":"https:\/\/paradizo.ee\/ru\/wp-json\/wp\/v2\/media?parent=38907"}],"wp:term":[{"taxonomy":"product_brand","embeddable":true,"href":"https:\/\/paradizo.ee\/ru\/wp-json\/wp\/v2\/product_brand?post=38907"},{"taxonomy":"product_cat","embeddable":true,"href":"https:\/\/paradizo.ee\/ru\/wp-json\/wp\/v2\/product_cat?post=38907"},{"taxonomy":"product_tag","embeddable":true,"href":"https:\/\/paradizo.ee\/ru\/wp-json\/wp\/v2\/product_tag?post=38907"}],"curies":[{"name":"wp","href":"https:\/\/api.w.org\/{rel}","templated":true}]}}