{"id":30851,"date":"2022-01-15T12:24:42","date_gmt":"2022-01-15T12:24:42","guid":{"rendered":"https:\/\/paradizo.ee\/?page_id=30851"},"modified":"2025-09-09T15:56:58","modified_gmt":"2025-09-09T15:56:58","slug":"poodi-tingimused","status":"publish","type":"page","link":"https:\/\/paradizo.ee\/en\/poodi-tingimused\/","title":{"rendered":"Poodi tingimused"},"content":{"rendered":"\n<p><strong>Paradizo.ee veebipoe \u00fcldtingimused.<\/strong><\/p>\n\n\n\n<ol class=\"wp-block-list\">\n<li>K\u00e4esolevad tingimused kehtivad e-poest paradizo.ee kaupade ostmisel.<\/li>\n\n\n\n<li>Veebipoe paradizo.ee omanik on Paradiso homeline O\u00dc (registrikood 12973038) asukohaga P\u00e4rnu mnt 238, 11624, Tallinn, Eesti (edaspidi Paradizo homeline).<\/li>\n\n\n\n<li>Paradizo homelineil on \u00f5igus k\u00e4esolevaid tingimusi muuta, teavitades sellest veebilehel paradizo.ee<\/li>\n\n\n\n<li>Lisaks k\u00e4esolevatele tingimustele reguleerivad paradizo.ee veebipoest ostmisel tekkivaid \u00f5igussuhteid Eesti Vabariigis kehtivad \u00f5igusaktid.<\/li>\n<\/ol>\n\n\n\n<p><strong>Hinnad, tellimine ja tasumine<\/strong><\/p>\n\n\n\n<ol class=\"wp-block-list\">\n<li>K\u00f5ik e-poe hinnad on eurodes ja sisaldavad k\u00e4ibemaksu 24%\u00a0<\/li>\n\n\n\n<li>Hinnale lisandub tasu kauba k\u00e4ttetoimetamise eest. Kauba k\u00e4ttetoimetamise tasu s\u00f5ltub ostja asukohast ning kaubast. Vajadusel lepitakse kliendiga eraldi kokku m\u00f6\u00f6bli kokkupanekutasu. Enne kauba v\u00e4ljasaatmist v\u00f5etakse Teiega \u00fchendust kohaletoimetamise t\u00e4pse aja kokku leppimiseks.<\/li>\n\n\n\n<li>Tooteid m\u00fc\u00fcakse nii f\u00fc\u00fcsilistele- kui ka juriidilistele isikutele.<\/li>\n\n\n\n<li>Kauba tellimiseks tuleb lisada soovitud tooted ostukorvi. Tellimuse vormistamiseks tuleb t\u00e4ita n\u00f5utud andmev\u00e4ljad.<\/li>\n\n\n\n<li>Tellimuse vormistamisel valige endale sobiv kohaletoimetamise viis ning kontrollige, kas arve aadressi ja tarne aadressi andmed on \u00f5iged. Tellimuse\u00a0vormistamiseks vajutage nupule \u201cEsita tellimus.\u201d Peale vajutamist nupule \u201cEsita tellimus,\u201d saadetakse kliendi e-posti aadressile tellimuse kinnitus ja arve.<\/li>\n\n\n\n<li>Kauba eest v\u00f5ib tasuda kas pangalinkiga v\u00f5i \u00fclekandega.<\/li>\n\n\n\n<li>\u00dclekandega maksmisel, m\u00e4rkige selgitusse tellimuse number. Ettemaks tuleb tasuda v\u00e4hemalt 50% ulatuses.<\/li>\n\n\n\n<li>Tarneaja arvestust alustatakse ettemaksu laekumisel Paradizo homeline kontole.<\/li>\n\n\n\n<li>Kui kliendi tellimust ei ole v\u00f5imalik t\u00e4ita tarneaja jooksul, siis v\u00f5tab Paradiso homeline O\u00dc kliendiga \u00fchendust ning pakub v\u00e4lja v\u00f5imaliku uue tarneaja v\u00f5i makstud raha tagastamise.<\/li>\n\n\n\n<li>Kliendi tellimus t\u00fchistatakse juhul, kui klient ei ole 3 p\u00e4eva jooksul alates arve v\u00e4ljastamisest tasunud ettemaksu.<\/li>\n\n\n\n<li>Tellimuse t\u00e4itmise t\u00e4htaeg s\u00f5ltub tellitavatest toodetest. Tavaliselt tarneaeg on 4 kuni 10 n\u00e4dalat. Eeldetavast tarneajast informeeritakse klient 1-3 p\u00e4eva jooksul e-posti teel peale tellimuse vormistamisest.<\/li>\n\n\n\n<li>Kui kaup on Paradizo homeline Tallinna laos olemas, v\u00e4ljastatakse kaup laost 1-3 t\u00f6\u00f6p\u00e4eva jooksul peale kogu ostusumma laekumist Paradiso homeline O\u00dc kontole. Oma tulekust palume informeerida meid e-posti aadressile <a href=\"mailto:info@paradizo.ee\">info@paradizo.ee<\/a> v\u00f5i telefonil +37255953732<\/li>\n\n\n\n<li>Ladu asub aadressil Peterburi tee 49 (hoovi sees).<\/li>\n<\/ol>\n\n\n\n<p><strong>Kauba tagastamine<\/strong><\/p>\n\n\n\n<ol class=\"wp-block-list\">\n<li>Klient v\u00f5ib e-poes s\u00f5lmitud lepingust taganeda p\u00f5hjust avaldamata 14-p\u00e4eva jooksul. Taganemis\u00f5iguse teostamise t\u00e4htaeg algab p\u00e4evast, millal tooted on kliendile k\u00e4tte toimetatud.<\/li>\n\n\n\n<li>Toote tagastamiseks tuleb esitada taganemisteade e-posti aadressile <a href=\"mailto:info@paradizo.ee\">info@paradizo.ee<\/a> m\u00e4rkides tellimuse v\u00f5i arve number, kauba k\u00e4ttesaamise kuup\u00e4ev, ostja nimi ja telefoni number.<\/li>\n\n\n\n<li>Ostja peab kauba tagastama omal kulul hiljemalt 14 p\u00e4eva jooksul taganemisavalduse esitamisest. Kaup tuleb tagastada Paradizo homeline lattu aadressil Peterburi tee 49, Tallinn.<\/li>\n\n\n\n<li>Tagastatav kaup peab olema puuduseta, t\u00e4iskomplektne, originaalpakendis ja kasutamata.<\/li>\n\n\n\n<li>Pakendist v\u00e4lja v\u00f5etud madratsile tagastamis\u00f5igus ei laiene h\u00fcgieenilistel p\u00f5hjustel (V\u00d5S 53 lg 4 p 41).<\/li>\n\n\n\n<li>Toote tagastamise korral kantakse ostu eest tasutud summa Ostja poolt n\u00e4idatud pangakontole hiljemalt 14 p\u00e4eva jooksul.<\/li>\n\n\n\n<li>E-poest ostetud kaupadele kehtib 2-aastane pretensioonide esitamise t\u00e4htaeg. Paradizo homeline vastutab kaupade n\u00f5uetele mittevastavuse ja puuduste eest kui mittevastavus oli olemas kauba ostjale \u00fcleandmise hetkel.\u00a0<\/li>\n\n\n\n<li>Paradizo homeline ei vastuta kauba puuduste eest, mis on tekkinud kauba mitten\u00f5uetekohase v\u00f5i mittesihip\u00e4rase paigaldamise, kasutamise ja\/v\u00f5i hooldamise t\u00f5ttu.<\/li>\n\n\n\n<li>K\u00fcsimuste, probleemide v\u00f5i kaebuste korral v\u00f5tke palun \u00fchendust e-posti aadressil info@paradizo.ee<\/li>\n\n\n\n<li>Ostja ja M\u00fc\u00fcja vahelised vaidlused p\u00fc\u00fctakse lahendada l\u00e4bir\u00e4\u00e4kimiste teel. Kui Ostja ei ole n\u00f5us M\u00fc\u00fcja poolt pakutud lahendusega ja leiab, et tema \u00f5igusi on rikutud, v\u00f5ib ta esitada avalduse vaidluse lahendamiseks vaidluste kohtuv\u00e4lise lahendamise \u00fcksusele, kelleks on Tarbijakaitseameti juures tegutsev tarbijavaidluste komisjon, mis asub Pronksi tn 12 Tallinn 10117, telefon: 6201707 v\u00f5i e-post:info@tarbijakaitseamet.ee. Kohtuv\u00e4lise lahendamise \u00fcksuse menetlusreeglitega on v\u00f5imalik tutvuda Tarbijakaitseameti veebilehe aadressil www.tarbijakaitseamet.ee<\/li>\n<\/ol>\n\n\n\n<p><strong>Privaatsus<\/strong><\/p>\n\n\n\n<ol class=\"wp-block-list\">\n<li>Paradizo.ee e-pood kasutab ostja poolt sisestatud isikuandmeid (sh nimi, telefoninumber, aadress, e-maili aadress, pangarekvisiidid) ainult tellimuse t\u00f6\u00f6tlemiseks ning kauba ostjale saatmiseks.<\/li>\n\n\n\n<li>Paradiso homeline O\u00dc kohustub mitte avaldama ostja isikuandmeid kolmandatele isikutele, v\u00e4lja arvatud m\u00fc\u00fcja partnerid, kes osutavad kauba kohaletoimetamise v\u00f5i muid ostja tellimuse korrektse t\u00e4itmisega seotud teenuseid.\u00a0<\/li>\n<\/ol>\n","protected":false},"excerpt":{"rendered":"<p>Paradizo.ee veebipoe \u00fcldtingimused. Hinnad, tellimine ja tasumine Kauba tagastamine Privaatsus<\/p>\n","protected":false},"author":1,"featured_media":0,"parent":0,"menu_order":0,"comment_status":"closed","ping_status":"closed","template":"","meta":{"footnotes":""},"class_list":["post-30851","page","type-page","status-publish","hentry"],"_links":{"self":[{"href":"https:\/\/paradizo.ee\/en\/wp-json\/wp\/v2\/pages\/30851","targetHints":{"allow":["GET"]}}],"collection":[{"href":"https:\/\/paradizo.ee\/en\/wp-json\/wp\/v2\/pages"}],"about":[{"href":"https:\/\/paradizo.ee\/en\/wp-json\/wp\/v2\/types\/page"}],"author":[{"embeddable":true,"href":"https:\/\/paradizo.ee\/en\/wp-json\/wp\/v2\/users\/1"}],"replies":[{"embeddable":true,"href":"https:\/\/paradizo.ee\/en\/wp-json\/wp\/v2\/comments?post=30851"}],"version-history":[{"count":2,"href":"https:\/\/paradizo.ee\/en\/wp-json\/wp\/v2\/pages\/30851\/revisions"}],"predecessor-version":[{"id":101950,"href":"https:\/\/paradizo.ee\/en\/wp-json\/wp\/v2\/pages\/30851\/revisions\/101950"}],"wp:attachment":[{"href":"https:\/\/paradizo.ee\/en\/wp-json\/wp\/v2\/media?parent=30851"}],"curies":[{"name":"wp","href":"https:\/\/api.w.org\/{rel}","templated":true}]}}